{"id":639,"date":"2018-04-09T04:13:55","date_gmt":"2018-04-09T04:13:55","guid":{"rendered":"https:\/\/thenewjobsite.com\/home\/"},"modified":"2020-07-15T01:18:33","modified_gmt":"2020-07-15T08:18:33","slug":"home","status":"publish","type":"page","link":"https:\/\/thenewjobsite.com\/fr\/","title":{"rendered":"Page d\u2019accueil"},"content":{"rendered":"<section class=\"l-section wpb_row us_custom_abc95b91 has_text_color height_huge with_img with_shape\" id=\"banner\"><div class=\"l-section-img lazyload\" role=\"img\" aria-label=\"Image\" data-img-width=\"1920\" data-img-height=\"1283\" style=\"background-image:inherit;\" data-bg-image=\"url(https:\/\/thenewjobsite.com\/wp-content\/uploads\/2019\/11\/paral-13.jpg)\"><\/div><div class=\"l-section-overlay\" style=\"background:rgba(10,10,10,0.65)\"><\/div><div class=\"l-section-shape type_triangle pos_bottom\" style=\"height:3vh;\"><svg xmlns=\"http:\/\/www.w3.org\/2000\/svg\" viewBox=\"0 0 64 8\" preserveAspectRatio=\"none\" width=\"100%\" height=\"100%\">\r\n\t<path fill=\"currentColor\" d=\"M64 8 L0 8 L0 0 L32 7.9 L64 0 Z\"\/>\r\n<\/svg><\/div><div class=\"l-section-h i-cf\"><div class=\"g-cols vc_row via_flex valign_top type_default stacking_default\"><div class=\"vc_col-sm-8 wpb_column vc_column_container\"><div class=\"vc_column-inner\"><div class=\"wpb_wrapper\"><div class=\"w-separator size_custom\" style=\"height:60px\" id=\"f263\"><style>@media(max-width:600px){ #f263{height:0px!important}}<\/style><\/div><div class=\"wpb_text_column col-title\"><div class=\"wpb_wrapper\"><h1>Notre but: am\u00e9liorer la productivit\u00e9 des chantiers de construction avec de nouvelles technologies, outils et m\u00e9thodes.<\/h1>\n<\/div><\/div><div class=\"wpb_text_column\"><div class=\"wpb_wrapper\"><p>Il est primordial d\u2019augmenter l\u2019efficacit\u00e9 des projets de construction pour d\u00e9livrer les habitations et infrastructures n\u00e9cessaires \u00e0 notre soci\u00e9t\u00e9 moderne, r\u00e9duire la pollution cr\u00e9\u00e9e par les b\u00e2timents et construire des structures de haute qualit\u00e9.<\/p>\n<\/div><\/div><div class=\"w-separator size_custom\" style=\"height:15px\"><\/div><div class=\"w-btn-wrapper align_none\"><a class=\"w-btn us-btn-style_1 us_custom_1e0e9307\" title=\"About\" href=\"https:\/\/thenewjobsite.com\/a-propos-de-nous\/?lang=fr\"><span class=\"w-btn-label\">En savoir plus<\/span><\/a><\/div><div class=\"w-separator size_large\"><\/div><\/div><\/div><\/div><div class=\"vc_col-sm-4 wpb_column vc_column_container\"><div class=\"vc_column-inner\"><div class=\"wpb_wrapper\"><\/div><\/div><\/div><\/div><\/div><\/section><section class=\"l-section wpb_row height_large with_img\"><div class=\"l-section-img lazyload\" role=\"img\" aria-label=\"Image\" data-img-width=\"1920\" data-img-height=\"1443\" style=\"background-image:inherit;background-position: center right;background-repeat: no-repeat;background-size: contain;\" data-bg-image=\"url(https:\/\/thenewjobsite.com\/wp-content\/uploads\/2019\/11\/bg-bw.jpg)\"><\/div><div class=\"l-section-overlay\" style=\"background:rgba(255,255,255,0.5)\"><\/div><div class=\"l-section-h i-cf\"><div class=\"g-cols vc_row via_flex valign_top type_default stacking_default\"><div class=\"vc_col-sm-12 wpb_column vc_column_container\"><div class=\"vc_column-inner\"><div class=\"wpb_wrapper\"><div class=\"g-cols wpb_row via_flex valign_middle type_default stacking_default\" style=\"--additional-gap:20px;\"><div class=\"vc_col-sm-6 wpb_column vc_column_container us_animate_afl\" style=\"animation-delay:0.4s\"><div class=\"vc_column-inner\"><div class=\"wpb_wrapper\"><div class=\"w-image style_shadow-1 align_center\"><a title=\"Tools Storage System\" href=\"https:\/\/www.thenewjobsite.com\/tools-storage-system\/\" aria-label=\"tools1\" class=\"w-image-h\"><img decoding=\"async\" width=\"768\" height=\"497\" data-src=\"https:\/\/thenewjobsite.com\/wp-content\/uploads\/2019\/12\/tools1.jpg\" class=\"attachment-us_768_0 size-us_768_0 lazyload\" alt=\"\" data-srcset=\"https:\/\/thenewjobsite.com\/wp-content\/uploads\/2019\/12\/tools1.jpg 1800w, https:\/\/thenewjobsite.com\/wp-content\/uploads\/2019\/12\/tools1-300x194.jpg 300w, https:\/\/thenewjobsite.com\/wp-content\/uploads\/2019\/12\/tools1-1024x662.jpg 1024w, https:\/\/thenewjobsite.com\/wp-content\/uploads\/2019\/12\/tools1-768x496.jpg 768w\" data-sizes=\"auto, (max-width: 768px) 100vw, 768px\" src=\"data:image\/svg+xml;base64,PHN2ZyB3aWR0aD0iMSIgaGVpZ2h0PSIxIiB4bWxucz0iaHR0cDovL3d3dy53My5vcmcvMjAwMC9zdmciPjwvc3ZnPg==\" style=\"--smush-placeholder-width: 768px; --smush-placeholder-aspect-ratio: 768\/497;\" \/><\/a><\/div><\/div><\/div><\/div><div class=\"vc_col-sm-6 wpb_column vc_column_container us_animate_afr\" style=\"animation-delay:0.4s\"><div class=\"vc_column-inner\"><div class=\"wpb_wrapper\"><div class=\"wpb_text_column\"><div class=\"wpb_wrapper\"><h2>Vos outils \u00e0 la port\u00e9e de la main<\/h2>\n<\/div><\/div><div class=\"wpb_text_column\"><div class=\"wpb_wrapper\"><p>Notre syst\u00e8me de rangement d\u2019outils vous aide \u00e0 organiser votre coffre d\u2019outils, vos conteneurs ou votre camion de service. Con\u00e7u selon les principes de Lean Construction et de la M\u00e9thodologie 5S il aidera votre entreprise \u00e0 \u00eatre plus performante.<\/p>\n<p>Nos unit\u00e9s de rangement innovantes sont modulaires et s\u2019adapte \u00e0 toutes les situations. Que vous soyez plombier, menuisier ou \u00e9lectricien, nous avons des supports pour vos outils.<\/p>\n<\/div><\/div><div class=\"w-btn-wrapper align_none\"><a class=\"w-btn us-btn-style_3 us_custom_1e0e9307\" title=\"Services\" href=\"https:\/\/thenewjobsite.com\/rangements-doutils-modulaires\/?lang=fr\"><span class=\"w-btn-label\">En savoir plus<\/span><\/a><\/div><\/div><\/div><\/div><\/div><\/div><\/div><\/div><\/div><\/div><\/section><section class=\"l-section wpb_row height_large with_img with_shape\"><div class=\"l-section-img lazyload\" role=\"img\" aria-label=\"Image\" data-img-width=\"1920\" data-img-height=\"1280\" style=\"background-image:inherit;background-repeat: no-repeat;\" data-bg-image=\"url(https:\/\/thenewjobsite.com\/wp-content\/uploads\/2019\/11\/bghome-1.jpg)\"><\/div><div class=\"l-section-shape type_triangle pos_bottom\" style=\"height:4vh;color:#f2f3f5\"><svg xmlns=\"http:\/\/www.w3.org\/2000\/svg\" viewBox=\"0 0 64 8\" preserveAspectRatio=\"none\" width=\"100%\" height=\"100%\">\r\n\t<path fill=\"currentColor\" d=\"M64 8 L0 8 L0 0 L32 7.9 L64 0 Z\"\/>\r\n<\/svg><\/div><div class=\"l-section-h i-cf\"><div class=\"g-cols vc_row via_flex valign_top type_default stacking_default\"><div class=\"vc_col-sm-12 wpb_column vc_column_container\"><div class=\"vc_column-inner\"><div class=\"wpb_wrapper\"><div class=\"g-cols wpb_row via_flex valign_top type_default stacking_default\"><div class=\"vc_col-sm-1 wpb_column vc_column_container\"><div class=\"vc_column-inner\"><div class=\"wpb_wrapper\"><\/div><\/div><\/div><div class=\"vc_col-sm-10 wpb_column vc_column_container\"><div class=\"vc_column-inner\"><div class=\"wpb_wrapper\"><div class=\"wpb_text_column\"><div class=\"wpb_wrapper\"><h2 style=\"text-align: center;\">Notre \u00e9quipe est constamment \u00e0 l\u2019affut des nouvelles technologies et saura trouver le bon produit pour augmenter la profitabilit\u00e9 de votre entreprise.<\/h2>\n<\/div><\/div><div class=\"w-separator size_small\"><\/div><div class=\"w-btn-wrapper align_center\"><a class=\"w-btn us-btn-style_1 us_custom_1e0e9307\" title=\"Services\" href=\"https:\/\/thenewjobsite.com\/nos-services\/?lang=fr\"><span class=\"w-btn-label\">D\u00e9couvrir nos services<\/span><\/a><\/div><div class=\"w-separator size_custom\" style=\"height:170px\"><\/div><\/div><\/div><\/div><div class=\"vc_col-sm-1 wpb_column vc_column_container\"><div class=\"vc_column-inner\"><div class=\"wpb_wrapper\"><\/div><\/div><\/div><\/div><\/div><\/div><\/div><\/div><\/div><\/section><section class=\"l-section wpb_row height_medium color_alternate\"><div class=\"l-section-h i-cf\"><div class=\"g-cols vc_row via_flex valign_top type_default stacking_default\"><div class=\"vc_col-sm-12 wpb_column vc_column_container\"><div class=\"vc_column-inner\"><div class=\"wpb_wrapper\"><div class=\"wpb_text_column\"><div class=\"wpb_wrapper\"><h2 style=\"text-align: center;\">Derni\u00e8res Nouvelles<\/h2>\n<\/div><\/div><div class=\"w-separator size_small\"><\/div><div class=\"w-grid us_grid type_grid layout_78 cols_3 preload_style_spinner ratio_3x2\" id=\"us_grid_1\" style=\"--columns:3;--gap:1.5rem;--item-ratio:0.66667;\" data-filterable=\"true\"><style>@media (max-width:1024px){#us_grid_1{--columns:2!important}}@media (max-width:600px){#us_grid_1{--columns:1!important}}.layout_78 .w-grid-item-h{background:#ffffff;color:#303640;box-shadow:0 0.03rem 0.06rem rgba(0,0,0,0.1),0 0.1rem 0.3rem rgba(0,0,0,0.1);transition-duration:0.3s}.no-touch .layout_78 .w-grid-item-h:hover{box-shadow:0 0.12rem 0.24rem rgba(0,0,0,0.1),0 0.4rem 1.2rem rgba(0,0,0,0.15);z-index:4}.layout_78 .usg_vwrapper_1{padding:0.8rem 1.5rem 1.5rem 1.5rem!important}.layout_78 .usg_hwrapper_1{margin-bottom:0.3rem!important}.layout_78 .usg_post_date_1{font-family:var(--font-family)!important;font-size:14px!important;color:#7c8491!important}.layout_78 .usg_post_title_1{font-family:var(--h1-font-family)!important;font-size:1.4rem!important;font-weight:700!important;color:inherit!important}@media (max-width:600px){.layout_78 .usg_post_title_1{font-size:1.2rem!important}}<\/style><div class=\"w-grid-list\">\t<article class=\"w-grid-item size_1x1 post-1252 post type-post status-publish format-standard has-post-thumbnail hentry category-non-classifiee\" data-id=\"1252\">\r\n\t\t<div class=\"w-grid-item-h\">\r\n\t\t\t\t\t\t\t<a href=\"https:\/\/thenewjobsite.com\/fr\/le-guide-ultime-pour-convoyer-des-materiaux-en-vrac-sur-les-chantiers\/\" class=\"w-grid-item-anchor\" aria-label=\"Le guide ultime pour convoyer des mat\u00e9riaux en vrac sur les chantiers\"><\/a>\r\n\t\t\t\t\t\t<div class=\"w-post-elm post_image usg_post_image_1 stretched\"><img decoding=\"async\" width=\"373\" height=\"280\" data-src=\"https:\/\/thenewjobsite.com\/wp-content\/uploads\/2024\/01\/blog8.jpg\" class=\"attachment-us_400_280_crop size-us_400_280_crop wp-post-image lazyload\" alt=\"\" data-srcset=\"https:\/\/thenewjobsite.com\/wp-content\/uploads\/2024\/01\/blog8.jpg 1600w, https:\/\/thenewjobsite.com\/wp-content\/uploads\/2024\/01\/blog8-300x225.jpg 300w, https:\/\/thenewjobsite.com\/wp-content\/uploads\/2024\/01\/blog8-1024x768.jpg 1024w\" data-sizes=\"(max-width: 373px) 100vw, 373px\" src=\"data:image\/svg+xml;base64,PHN2ZyB3aWR0aD0iMSIgaGVpZ2h0PSIxIiB4bWxucz0iaHR0cDovL3d3dy53My5vcmcvMjAwMC9zdmciPjwvc3ZnPg==\" style=\"--smush-placeholder-width: 373px; --smush-placeholder-aspect-ratio: 373\/280;\" \/><\/div><div class=\"w-vwrapper usg_vwrapper_1 align_left valign_top\"><div class=\"w-hwrapper usg_hwrapper_1 align_left valign_top\"><time class=\"w-post-elm post_date usg_post_date_1 has_text_color entry-date updated\" datetime=\"2024-01-19T00:54:02-08:00\">19 janvier 2024<\/time><\/div><h2 class=\"w-post-elm post_title usg_post_title_1 has_text_color entry-title color_link_inherit\">Le guide ultime pour convoyer des mat\u00e9riaux en vrac sur les chantiers<\/h2><\/div>\t\t<\/div>\r\n\t\t\t<\/article>\r\n\t<article class=\"w-grid-item size_1x1 post-809 post type-post status-publish format-standard has-post-thumbnail hentry category-non-classifiee\" data-id=\"809\">\r\n\t\t<div class=\"w-grid-item-h\">\r\n\t\t\t\t\t\t\t<a href=\"https:\/\/thenewjobsite.com\/fr\/lean-principles-on-the-giatec-construction-revolution-podcast\/\" class=\"w-grid-item-anchor\" aria-label=\"L\u2019approche Lean tel qu\u2019entendu sur le balado de Giatec Construction Revolution\"><\/a>\r\n\t\t\t\t\t\t<div class=\"w-post-elm post_image usg_post_image_1 stretched\"><img decoding=\"async\" width=\"400\" height=\"261\" data-src=\"https:\/\/thenewjobsite.com\/wp-content\/uploads\/2022\/12\/podcast-1.jpg\" class=\"attachment-us_400_280_crop size-us_400_280_crop wp-post-image lazyload\" alt=\"\" data-srcset=\"https:\/\/thenewjobsite.com\/wp-content\/uploads\/2022\/12\/podcast-1.jpg 1660w, https:\/\/thenewjobsite.com\/wp-content\/uploads\/2022\/12\/podcast-1-300x196.jpg 300w, https:\/\/thenewjobsite.com\/wp-content\/uploads\/2022\/12\/podcast-1-1024x669.jpg 1024w\" data-sizes=\"(max-width: 400px) 100vw, 400px\" src=\"data:image\/svg+xml;base64,PHN2ZyB3aWR0aD0iMSIgaGVpZ2h0PSIxIiB4bWxucz0iaHR0cDovL3d3dy53My5vcmcvMjAwMC9zdmciPjwvc3ZnPg==\" style=\"--smush-placeholder-width: 400px; --smush-placeholder-aspect-ratio: 400\/261;\" \/><\/div><div class=\"w-vwrapper usg_vwrapper_1 align_left valign_top\"><div class=\"w-hwrapper usg_hwrapper_1 align_left valign_top\"><time class=\"w-post-elm post_date usg_post_date_1 has_text_color entry-date updated\" datetime=\"2022-12-15T15:58:46-08:00\">15 d\u00e9cembre 2022<\/time><\/div><h2 class=\"w-post-elm post_title usg_post_title_1 has_text_color entry-title color_link_inherit\">L\u2019approche Lean tel qu\u2019entendu sur le balado de Giatec Construction Revolution<\/h2><\/div>\t\t<\/div>\r\n\t\t\t<\/article>\r\n\t<article class=\"w-grid-item size_1x1 post-676 post type-post status-publish format-standard has-post-thumbnail hentry category-non-classifiee\" data-id=\"676\">\r\n\t\t<div class=\"w-grid-item-h\">\r\n\t\t\t\t\t\t\t<a href=\"https:\/\/thenewjobsite.com\/fr\/comment-ameliorer-les-postes-de-travail-sur-les-chantiers-de-construction\/\" class=\"w-grid-item-anchor\" aria-label=\"Comment am\u00e9liorer les postes de travail sur les chantiers de construction\"><\/a>\r\n\t\t\t\t\t\t<div class=\"w-post-elm post_image usg_post_image_1 stretched\"><img decoding=\"async\" width=\"400\" height=\"280\" data-src=\"https:\/\/thenewjobsite.com\/wp-content\/uploads\/2020\/03\/Workbench2-400x280.jpg\" class=\"attachment-us_400_280_crop size-us_400_280_crop wp-post-image lazyload\" alt=\"\" src=\"data:image\/svg+xml;base64,PHN2ZyB3aWR0aD0iMSIgaGVpZ2h0PSIxIiB4bWxucz0iaHR0cDovL3d3dy53My5vcmcvMjAwMC9zdmciPjwvc3ZnPg==\" style=\"--smush-placeholder-width: 400px; --smush-placeholder-aspect-ratio: 400\/280;\" \/><\/div><div class=\"w-vwrapper usg_vwrapper_1 align_left valign_top\"><div class=\"w-hwrapper usg_hwrapper_1 align_left valign_top\"><time class=\"w-post-elm post_date usg_post_date_1 has_text_color entry-date updated\" datetime=\"2020-08-25T14:37:21-07:00\">25 ao\u00fbt 2020<\/time><\/div><h2 class=\"w-post-elm post_title usg_post_title_1 has_text_color entry-title color_link_inherit\">Comment am\u00e9liorer les postes de travail sur les chantiers de construction<\/h2><\/div>\t\t<\/div>\r\n\t\t\t<\/article>\r\n<\/div>\t<div class=\"w-grid-preloader\">\r\n\t\t<div class=\"g-preloader type_5\">\r\n\t\t\t<div><\/div>\r\n\t\t<\/div>\r\n\t<\/div>\r\n\t\t<div class=\"w-grid-json hidden\" onclick='return {&quot;action&quot;:&quot;us_ajax_grid&quot;,&quot;infinite_scroll&quot;:0,&quot;max_num_pages&quot;:3,&quot;pagination&quot;:&quot;none&quot;,&quot;template_vars&quot;:{&quot;columns&quot;:&quot;3&quot;,&quot;exclude_items&quot;:&quot;none&quot;,&quot;img_size&quot;:&quot;default&quot;,&quot;ignore_items_size&quot;:0,&quot;items_layout&quot;:&quot;78&quot;,&quot;items_offset&quot;:&quot;1&quot;,&quot;load_animation&quot;:&quot;none&quot;,&quot;overriding_link&quot;:&quot;%7B%22type%22%3A%22post%22%7D&quot;,&quot;post_id&quot;:0,&quot;query_args&quot;:{&quot;post_type&quot;:[&quot;post&quot;],&quot;post_status&quot;:[&quot;publish&quot;],&quot;posts_per_page&quot;:&quot;3&quot;},&quot;orderby_query_args&quot;:{&quot;orderby&quot;:{&quot;date&quot;:&quot;DESC&quot;}},&quot;type&quot;:&quot;grid&quot;,&quot;us_grid_post_type&quot;:&quot;post&quot;,&quot;us_grid_ajax_index&quot;:1,&quot;us_grid_filter_query_string&quot;:null,&quot;us_grid_index&quot;:1,&quot;page_args&quot;:[],&quot;lang&quot;:&quot;fr&quot;}}'><\/div>\r\n\t<\/div><div class=\"w-separator size_medium\"><\/div><div class=\"w-btn-wrapper align_center\"><a class=\"w-btn us-btn-style_1\" title=\"About\" href=\"https:\/\/thenewjobsite.com\/fr\/blog\/\"><span class=\"w-btn-label\">Visit\u00e9 le Blog<\/span><\/a><\/div><div class=\"w-separator size_large\"><\/div><\/div><\/div><\/div><\/div><\/div><\/section>\n","protected":false},"excerpt":{"rendered":"David est un charpentier-menuisier et a travaill\u00e9 dans le domaine de la construction toute sa vie. David est tr\u00e8s bon dans ce qu\u2019il fait, juste en regardant des plans il est capable de visualiser un assemblage complexe, comme une maison enti\u00e8re. David travaille avec Jean, un apprenti charpentier-menuisier avec deux ans d\u2019exp\u00e9rience. Tous les jours,...","protected":false},"author":1,"featured_media":0,"parent":0,"menu_order":0,"comment_status":"closed","ping_status":"closed","template":"","meta":{"footnotes":""},"class_list":["post-639","page","type-page","status-publish","hentry"],"_links":{"self":[{"href":"https:\/\/thenewjobsite.com\/fr\/wp-json\/wp\/v2\/pages\/639","targetHints":{"allow":["GET"]}}],"collection":[{"href":"https:\/\/thenewjobsite.com\/fr\/wp-json\/wp\/v2\/pages"}],"about":[{"href":"https:\/\/thenewjobsite.com\/fr\/wp-json\/wp\/v2\/types\/page"}],"author":[{"embeddable":true,"href":"https:\/\/thenewjobsite.com\/fr\/wp-json\/wp\/v2\/users\/1"}],"replies":[{"embeddable":true,"href":"https:\/\/thenewjobsite.com\/fr\/wp-json\/wp\/v2\/comments?post=639"}],"version-history":[{"count":0,"href":"https:\/\/thenewjobsite.com\/fr\/wp-json\/wp\/v2\/pages\/639\/revisions"}],"wp:attachment":[{"href":"https:\/\/thenewjobsite.com\/fr\/wp-json\/wp\/v2\/media?parent=639"}],"curies":[{"name":"wp","href":"https:\/\/api.w.org\/{rel}","templated":true}]}}