{"id":610,"date":"2020-07-09T23:26:53","date_gmt":"2020-07-10T06:26:53","guid":{"rendered":"https:\/\/thenewjobsite.com\/?page_id=610"},"modified":"2020-07-09T23:27:29","modified_gmt":"2020-07-10T06:27:29","slug":"a-propos-de-nous","status":"publish","type":"page","link":"https:\/\/thenewjobsite.com\/fr\/a-propos-de-nous\/","title":{"rendered":"\u00c0 propos de nous"},"content":{"rendered":"<section class=\"l-section wpb_row height_medium\"><div class=\"l-section-h i-cf\"><div class=\"g-cols vc_row via_flex valign_top type_default stacking_default\"><div class=\"vc_col-sm-12 wpb_column vc_column_container\"><div class=\"vc_column-inner\"><div class=\"wpb_wrapper\"><div class=\"g-cols wpb_row via_flex valign_middle type_default stacking_default\" style=\"--additional-gap:30px;\"><div class=\"vc_col-sm-7 wpb_column vc_column_container us_animate_afl\" style=\"animation-delay:0.4s\"><div class=\"vc_column-inner\"><div class=\"wpb_wrapper\"><div class=\"wpb_text_column us_custom_0490361b\"><div class=\"wpb_wrapper\"><h2>Notre compagnie a \u00e9t\u00e9 cr\u00e9\u00e9 pour amener sur le chantier des techniques et outils modernes pour aider les entreprises de construction \u00e0 \u00eatre plus efficace.<\/h2>\n<\/div><\/div><div class=\"w-separator size_small with_line width_default thick_2 style_solid color_border align_center\"><div class=\"w-separator-h\"><\/div><\/div><div class=\"w-separator size_small\"><\/div><div class=\"wpb_text_column\"><div class=\"wpb_wrapper\"><h4>Notre Vision<\/h4>\n<p>Cr\u00e9er des outils et technologies pour construire des b\u00e2timents et infrastructures de haute qualit\u00e9, tr\u00e8s efficacement, qui multiplieront les b\u00e9n\u00e9fices de la construction dans notre soci\u00e9t\u00e9 moderne.<\/p>\n<h4>Notre mission<\/h4>\n<p>Augmenter la productivit\u00e9 des chantiers de construction gr\u00e2ce en mise en place des techniques de la Lean Construction. Cr\u00e9er, d\u00e9velopper et tester de nouvelles technologies pour b\u00e2tir, tel que la robotique et les usines mobiles. Rechercher les techniques qui seront adopt\u00e9 par les entreprises de construction de demains.<\/p>\n<\/div><\/div><\/div><\/div><\/div><div class=\"vc_col-sm-5 wpb_column vc_column_container us_animate_afr\" style=\"animation-delay:0.5s\"><div class=\"vc_column-inner\"><div class=\"wpb_wrapper\"><div class=\"w-image style_shadow-1 align_center\"><div class=\"w-image-h\"><img decoding=\"async\" width=\"600\" height=\"900\" data-src=\"https:\/\/thenewjobsite.com\/wp-content\/uploads\/2019\/11\/about.jpg\" class=\"attachment-large size-large lazyload\" alt=\"\" data-srcset=\"https:\/\/thenewjobsite.com\/wp-content\/uploads\/2019\/11\/about.jpg 600w, https:\/\/thenewjobsite.com\/wp-content\/uploads\/2019\/11\/about-200x300.jpg 200w\" data-sizes=\"auto, (max-width: 600px) 100vw, 600px\" src=\"data:image\/svg+xml;base64,PHN2ZyB3aWR0aD0iMSIgaGVpZ2h0PSIxIiB4bWxucz0iaHR0cDovL3d3dy53My5vcmcvMjAwMC9zdmciPjwvc3ZnPg==\" style=\"--smush-placeholder-width: 600px; --smush-placeholder-aspect-ratio: 600\/900;\" \/><\/div><\/div><\/div><\/div><\/div><\/div><\/div><\/div><\/div><\/div><\/div><\/section><section class=\"l-section wpb_row us_custom_6df4bc3a has_text_color height_medium with_img\"><div class=\"l-section-img lazyload\" role=\"img\" aria-label=\"Image\" data-img-width=\"2550\" data-img-height=\"1700\" style=\"background-image:inherit;\" data-bg-image=\"url(https:\/\/thenewjobsite.com\/wp-content\/uploads\/2019\/11\/paral-15.jpg)\"><\/div><div class=\"l-section-h i-cf\"><div class=\"g-cols vc_row via_flex valign_top type_default stacking_default\"><div class=\"vc_col-sm-12 wpb_column vc_column_container\"><div class=\"vc_column-inner\"><div class=\"wpb_wrapper\"><div class=\"g-cols wpb_row via_flex valign_top type_default stacking_default\"><div class=\"vc_col-sm-1 wpb_column vc_column_container\"><div class=\"vc_column-inner\"><div class=\"wpb_wrapper\"><\/div><\/div><\/div><div class=\"vc_col-sm-10 wpb_column vc_column_container\"><div class=\"vc_column-inner\"><div class=\"wpb_wrapper\"><div class=\"wpb_text_column\"><div class=\"wpb_wrapper\"><h2 style=\"text-align: center;\">Notre \u00e9quipe est \u00e0 l\u2019affut des technologies les plus profitables pour la construction.<\/h2>\n<\/div><\/div><\/div><\/div><\/div><div class=\"vc_col-sm-1 wpb_column vc_column_container\"><div class=\"vc_column-inner\"><div class=\"wpb_wrapper\"><\/div><\/div><\/div><\/div><\/div><\/div><\/div><\/div><\/div><\/section><section class=\"l-section wpb_row height_medium with_img\"><div class=\"l-section-img lazyload\" role=\"img\" aria-label=\"Image\" data-img-width=\"1920\" data-img-height=\"1443\" style=\"background-image:inherit;background-position: center right;background-repeat: no-repeat;background-size: contain;\" data-bg-image=\"url(https:\/\/thenewjobsite.com\/wp-content\/uploads\/2019\/11\/bg-bw.jpg)\"><\/div><div class=\"l-section-overlay\" style=\"background:rgba(255,255,255,0.5)\"><\/div><div class=\"l-section-h i-cf\"><div class=\"g-cols vc_row via_flex valign_top type_default stacking_default\"><div class=\"vc_col-sm-12 wpb_column vc_column_container\"><div class=\"vc_column-inner\"><div class=\"wpb_wrapper\"><div class=\"wpb_text_column col-title col-title-mid\"><div class=\"wpb_wrapper\"><h2 style=\"text-align: center;\">Nos valeurs<\/h2>\n<\/div><\/div><div class=\"w-separator size_medium\"><\/div><div class=\"g-cols wpb_row via_flex valign_top type_default stacking_default\"><div class=\"vc_col-sm-4 wpb_column vc_column_container us_animate_aft\"><div class=\"vc_column-inner\"><div class=\"wpb_wrapper\"><div class=\"w-iconbox iconpos_top style_default color_primary align_center\"><div class=\"w-iconbox-icon\" style=\"font-size:70px;\"><i class=\"fal fa-truck-moving\"><\/i><\/div><div class=\"w-iconbox-meta\"><h4 class=\"w-iconbox-title\">RESPONSABILIT\u00c9<\/h4><div class=\"w-iconbox-text\"><p>On se concentre sur l\u2019aspect physique des chantiers tout en gardant un \u0153il sur tout l\u2019\u00e9cosyst\u00e8me l\u2019entourant.<\/p>\n<\/div><\/div><\/div><\/div><\/div><\/div><div class=\"vc_col-sm-4 wpb_column vc_column_container us_animate_aft\" style=\"animation-delay:0.2s\"><div class=\"vc_column-inner\"><div class=\"wpb_wrapper\"><div class=\"w-iconbox iconpos_top style_default color_primary align_center\"><div class=\"w-iconbox-icon\" style=\"font-size:70px;\"><i class=\"fal fa-user-chart\"><\/i><\/div><div class=\"w-iconbox-meta\"><h4 class=\"w-iconbox-title\">CROISSANCE<\/h4><div class=\"w-iconbox-text\"><p>Les b\u00e2timents sont construits par les humains pour des humains et les gens de m\u00e9tiers sont primordiaux dans notre qu\u00eate d\u2019une meilleure performance.<\/p>\n<\/div><\/div><\/div><\/div><\/div><\/div><div class=\"vc_col-sm-4 wpb_column vc_column_container us_animate_aft\" style=\"animation-delay:0.4s\"><div class=\"vc_column-inner\"><div class=\"wpb_wrapper\"><div class=\"w-iconbox iconpos_top style_default color_primary align_center\"><div class=\"w-iconbox-icon\" style=\"font-size:70px;\"><i class=\"fal fa-badge-check\"><\/i><\/div><div class=\"w-iconbox-meta\"><h4 class=\"w-iconbox-title\">QUALIT\u00c9<\/h4><div class=\"w-iconbox-text\"><p>Nous sommes fiers de notre travail et visons \u00e0 livr\u00e9 des produits et services de la meilleure qualit\u00e9.<\/p>\n<\/div><\/div><\/div><\/div><\/div><\/div><\/div><div class=\"w-separator size_medium\"><\/div><div class=\"g-cols wpb_row via_flex valign_top type_default stacking_default\"><div class=\"vc_col-sm-2 wpb_column vc_column_container us_animate_aft\"><div class=\"vc_column-inner\"><div class=\"wpb_wrapper\"><\/div><\/div><\/div><div class=\"vc_col-sm-4 wpb_column vc_column_container us_animate_aft\" style=\"animation-delay:0.2s\"><div class=\"vc_column-inner\"><div class=\"wpb_wrapper\"><div class=\"w-iconbox iconpos_top style_default color_primary align_center\"><div class=\"w-iconbox-icon\" style=\"font-size:70px;\"><i class=\"fal fa-globe\"><\/i><\/div><div class=\"w-iconbox-meta\"><h4 class=\"w-iconbox-title\">HARMONIE<\/h4><div class=\"w-iconbox-text\"><p>Les structures qui nous entourent doivent augmenter le bien-\u00eatre et la sant\u00e9 des \u00eatres humains tout en se fondant dans l\u2019environnement les entourant.<\/p>\n<\/div><\/div><\/div><\/div><\/div><\/div><div class=\"vc_col-sm-4 wpb_column vc_column_container us_animate_aft\" style=\"animation-delay:0.4s\"><div class=\"vc_column-inner\"><div class=\"wpb_wrapper\"><div class=\"w-iconbox iconpos_top style_default color_primary align_center\"><div class=\"w-iconbox-icon\" style=\"font-size:70px;\"><i class=\"fal fa-puzzle-piece\"><\/i><\/div><div class=\"w-iconbox-meta\"><h4 class=\"w-iconbox-title\">ADAPTABILIT\u00c9<\/h4><div class=\"w-iconbox-text\"><p>Les b\u00e2timents doivent \u00eatre personnalisable, r\u00e9utilisable et avoir une longue dur\u00e9e de vie tout en \u00e9tant abordable.<\/p>\n<\/div><\/div><\/div><\/div><\/div><\/div><div class=\"vc_col-sm-2 wpb_column vc_column_container\"><div class=\"vc_column-inner\"><div class=\"wpb_wrapper\"><\/div><\/div><\/div><\/div><\/div><\/div><\/div><\/div><\/div><\/section><section class=\"l-section wpb_row height_large color_alternate\"><div class=\"l-section-h i-cf\"><div class=\"g-cols vc_row via_flex valign_top type_default stacking_default\"><div class=\"vc_col-sm-6 wpb_column vc_column_container us_animate_afl\"><div class=\"vc_column-inner\"><div class=\"wpb_wrapper\"><div class=\"w-image style_shadow-1 align_center\"><div class=\"w-image-h\"><img decoding=\"async\" width=\"800\" height=\"619\" data-src=\"https:\/\/thenewjobsite.com\/wp-content\/uploads\/2019\/11\/Jonathan_Photo.jpg\" class=\"attachment-large size-large lazyload\" alt=\"\" data-srcset=\"https:\/\/thenewjobsite.com\/wp-content\/uploads\/2019\/11\/Jonathan_Photo.jpg 800w, https:\/\/thenewjobsite.com\/wp-content\/uploads\/2019\/11\/Jonathan_Photo-300x232.jpg 300w, https:\/\/thenewjobsite.com\/wp-content\/uploads\/2019\/11\/Jonathan_Photo-768x594.jpg 768w\" data-sizes=\"auto, (max-width: 800px) 100vw, 800px\" src=\"data:image\/svg+xml;base64,PHN2ZyB3aWR0aD0iMSIgaGVpZ2h0PSIxIiB4bWxucz0iaHR0cDovL3d3dy53My5vcmcvMjAwMC9zdmciPjwvc3ZnPg==\" style=\"--smush-placeholder-width: 800px; --smush-placeholder-aspect-ratio: 800\/619;\" \/><\/div><\/div><div class=\"w-separator size_custom\" style=\"height:15px\"><\/div><div class=\"wpb_text_column\"><div class=\"wpb_wrapper\"><h5><strong>Jonathan Harvey<\/strong><br \/>\nPr\u00e9sident fondateur.<\/h5>\n<\/div><\/div><\/div><\/div><\/div><div class=\"vc_col-sm-6 wpb_column vc_column_container us_animate_afr\"><div class=\"vc_column-inner\"><div class=\"wpb_wrapper\"><div class=\"wpb_text_column\"><div class=\"wpb_wrapper\"><p>En tant que cr\u00e9ateur de cette compagnie je suis d\u00e9di\u00e9 \u00e0 fournir les meilleurs outils et techniques pour augmenter la productivit\u00e9 aux entreprises de construction.<\/p>\n<p>Apr\u00e8s plusieurs ann\u00e9es de coll\u00e8ge et d\u2019universit\u00e9 en Administration des Affaires j\u2019ai r\u00e9alis\u00e9 que d\u2019\u00eatre assis dans un bureau toute la journ\u00e9e, n\u2019\u00e9tait pas pour moi. J\u2019adorais le c\u00f4t\u00e9 affaires mais, j\u2019avais besoin de quelque chose de plus actif. J\u2019ai quitt\u00e9 l\u2019universit\u00e9 pour aller suivre une formation technique en Charpenterie-Menuiserie.<\/p>\n<p>Depuis ce jour, mon exp\u00e9rience de travail m\u2019a conduit a voyag\u00e9 du Canada jusqu\u2019\u00e0 l\u2019Australie, sur des chantiers de r\u00e9novation r\u00e9sidentielle, jusqu\u2019aux m\u00e9ga projets de plusieurs milliards de dollars.<\/p>\n<p>Sur tous les chantiers que je me suis rendu, je cherchais de meilleures fa\u00e7ons de faire les choses, avec des outils plus efficaces, moins de pertes et des techniques plus s\u00e9curitaires. J\u2019ai donc d\u00e9cid\u00e9 de me lancer en affaires et de b\u00e2tir une entreprise sp\u00e9cialis\u00e9e dans les technologies de construction. Une entreprise, qui sert les propri\u00e9taires de b\u00e2timents, les gestionnaires de l\u2019industrie et toutes les parties prenantes de la construction pour les aider \u00e0 cr\u00e9er les infrastructures et b\u00e2timents de demain.<\/p>\n<\/div><\/div><div class=\"w-image align_none\"><div class=\"w-image-h\"><img decoding=\"async\" width=\"163\" height=\"25\" data-src=\"https:\/\/thenewjobsite.com\/wp-content\/uploads\/2019\/11\/sig-1.png\" class=\"attachment-full size-full lazyload\" alt=\"\" src=\"data:image\/svg+xml;base64,PHN2ZyB3aWR0aD0iMSIgaGVpZ2h0PSIxIiB4bWxucz0iaHR0cDovL3d3dy53My5vcmcvMjAwMC9zdmciPjwvc3ZnPg==\" style=\"--smush-placeholder-width: 163px; --smush-placeholder-aspect-ratio: 163\/25;\" \/><\/div><\/div><\/div><\/div><\/div><\/div><\/div><\/section><section class=\"l-section wpb_row height_small color_alternate\"><div class=\"l-section-h i-cf\"><div class=\"g-cols vc_row via_flex valign_top type_default stacking_default\"><div class=\"vc_col-sm-12 wpb_column vc_column_container\"><div class=\"vc_column-inner\"><div class=\"wpb_wrapper\"><div class=\"w-separator size_custom\" style=\"height:0\" id=\"u25b\"><style>@media(max-width:600px){ #u25b{height:80px!important}}<\/style><\/div><\/div><\/div><\/div><\/div><\/div><\/section>\n","protected":false},"excerpt":{"rendered":"Notre compagnie a \u00e9t\u00e9 cr\u00e9\u00e9 pour amener sur le chantier des techniques et outils modernes pour aider les entreprises de construction \u00e0 \u00eatre plus efficace. Notre Vision Cr\u00e9er des outils et technologies pour construire des b\u00e2timents et infrastructures de haute qualit\u00e9, tr\u00e8s efficacement, qui multiplieront les b\u00e9n\u00e9fices de la construction dans notre soci\u00e9t\u00e9 moderne. Notre...","protected":false},"author":1,"featured_media":0,"parent":0,"menu_order":0,"comment_status":"closed","ping_status":"closed","template":"","meta":{"footnotes":""},"class_list":["post-610","page","type-page","status-publish","hentry"],"_links":{"self":[{"href":"https:\/\/thenewjobsite.com\/fr\/wp-json\/wp\/v2\/pages\/610","targetHints":{"allow":["GET"]}}],"collection":[{"href":"https:\/\/thenewjobsite.com\/fr\/wp-json\/wp\/v2\/pages"}],"about":[{"href":"https:\/\/thenewjobsite.com\/fr\/wp-json\/wp\/v2\/types\/page"}],"author":[{"embeddable":true,"href":"https:\/\/thenewjobsite.com\/fr\/wp-json\/wp\/v2\/users\/1"}],"replies":[{"embeddable":true,"href":"https:\/\/thenewjobsite.com\/fr\/wp-json\/wp\/v2\/comments?post=610"}],"version-history":[{"count":0,"href":"https:\/\/thenewjobsite.com\/fr\/wp-json\/wp\/v2\/pages\/610\/revisions"}],"wp:attachment":[{"href":"https:\/\/thenewjobsite.com\/fr\/wp-json\/wp\/v2\/media?parent=610"}],"curies":[{"name":"wp","href":"https:\/\/api.w.org\/{rel}","templated":true}]}}