{"id":608,"date":"2019-11-20T02:26:33","date_gmt":"2019-11-20T10:26:33","guid":{"rendered":"https:\/\/thenewjobsite.com\/services\/"},"modified":"2020-07-09T23:22:06","modified_gmt":"2020-07-10T06:22:06","slug":"nos-services","status":"publish","type":"page","link":"https:\/\/thenewjobsite.com\/fr\/nos-services\/","title":{"rendered":"Nos Services"},"content":{"rendered":"<section class=\"l-section wpb_row height_medium\"><div class=\"l-section-h i-cf\"><div class=\"g-cols vc_row via_flex valign_top type_default stacking_default\"><div class=\"vc_col-sm-12 wpb_column vc_column_container\"><div class=\"vc_column-inner\"><div class=\"wpb_wrapper\"><div class=\"g-cols wpb_row via_flex valign_top type_default stacking_default\"><div class=\"vc_col-sm-1 wpb_column vc_column_container\"><div class=\"vc_column-inner\"><div class=\"wpb_wrapper\"><\/div><\/div><\/div><div class=\"vc_col-sm-10 wpb_column vc_column_container\"><div class=\"vc_column-inner\"><div class=\"wpb_wrapper\"><div class=\"wpb_text_column\"><div class=\"wpb_wrapper\"><h4 style=\"text-align: center;\">Notre entreprise est d\u00e9di\u00e9e \u00e0 l\u2019am\u00e9lioration de la productivit\u00e9 sur les chantiers de construction et nous sommes pr\u00eat \u00e0 vous offrir notre aide dans ce domaine quelque soit vos besoins. Plus sp\u00e9cifiquement, nous avons deux sp\u00e9cialit\u00e9s.<\/h4>\n<\/div><\/div><\/div><\/div><\/div><div class=\"vc_col-sm-1 wpb_column vc_column_container\"><div class=\"vc_column-inner\"><div class=\"wpb_wrapper\"><\/div><\/div><\/div><\/div><\/div><\/div><\/div><\/div><\/div><\/section><section class=\"l-section wpb_row height_auto\"><div class=\"l-section-h i-cf\"><div class=\"g-cols vc_row via_flex valign_middle type_default stacking_default\"><div class=\"vc_col-sm-12 wpb_column vc_column_container has_bg_color\"><div class=\"vc_column-inner us_custom_b9e87172\"><div class=\"wpb_wrapper\"><div class=\"g-cols wpb_row via_flex valign_middle type_boxes stacking_default\"><div class=\"vc_col-sm-6 wpb_column vc_column_container has_bg_color\"><div class=\"vc_column-inner us_custom_5dd0d446\"><div class=\"wpb_wrapper\"><div class=\"w-separator size_custom\" style=\"height:0\" id=\"c1e9\"><style>@media(max-width:600px){ #c1e9{height:150px!important}}<\/style><\/div><\/div><\/div><\/div><div class=\"vc_col-sm-6 wpb_column vc_column_container\"><div class=\"vc_column-inner\"><div class=\"wpb_wrapper\"><div class=\"w-separator size_medium\"><\/div><div class=\"wpb_text_column\"><div class=\"wpb_wrapper\"><h2>Construction Lean<\/h2>\n<p>Notre \u00e9quipe est en am\u00e9lioration constante et saura vous aidez pour vos projets Lean sur le chantier. Nous pouvons offrir de l\u2019entra\u00eenement, du support et de la consultation sur les outils communs de Construction Lean.<\/p>\n<\/div><\/div><div class=\"w-separator size_small\"><\/div><\/div><\/div><\/div><\/div><\/div><\/div><\/div><\/div><\/div><\/section><section class=\"l-section wpb_row height_auto\"><div class=\"l-section-h i-cf\"><div class=\"g-cols vc_row via_flex valign_middle type_default stacking_default\"><div class=\"vc_col-sm-12 wpb_column vc_column_container has_bg_color\"><div class=\"vc_column-inner us_custom_b9e87172\"><div class=\"wpb_wrapper\"><div class=\"g-cols wpb_row via_flex valign_middle type_boxes reversed stacking_default\"><div class=\"vc_col-sm-6 wpb_column vc_column_container\"><div class=\"vc_column-inner\"><div class=\"wpb_wrapper\"><div class=\"w-separator size_medium\"><\/div><div class=\"wpb_text_column\"><div class=\"wpb_wrapper\"><h2>Mise \u00e0 l\u2019\u00e9preuve de technologies.<\/h2>\n<p>Votre entreprise d\u00e9veloppe de nouvelles technologies applicables sur les chantiers de construction? Notre \u00e9quipe peut vous aidez dans la cr\u00e9ation de plans et leur mise en place dans des conditions r\u00e9elles pour que vous puissiez tester vos produits s\u00e9curitairement.<\/p>\n<\/div><\/div><div class=\"w-separator size_small\"><\/div><\/div><\/div><\/div><div class=\"vc_col-sm-6 wpb_column vc_column_container has_bg_color\"><div class=\"vc_column-inner us_custom_15bf1c43\"><div class=\"wpb_wrapper\"><div class=\"w-separator size_custom\" style=\"height:0\" id=\"td62\"><style>@media(max-width:600px){ #td62{height:150px!important}}<\/style><\/div><\/div><\/div><\/div><\/div><\/div><\/div><\/div><\/div><\/div><\/section><section class=\"l-section wpb_row height_medium\"><div class=\"l-section-h i-cf\"><div class=\"g-cols vc_row via_flex valign_top type_default stacking_default\"><div class=\"vc_col-sm-12 wpb_column vc_column_container\"><div class=\"vc_column-inner\"><div class=\"wpb_wrapper\"><div class=\"g-cols wpb_row via_flex valign_top type_default stacking_default\"><div class=\"vc_col-sm-2 wpb_column vc_column_container\"><div class=\"vc_column-inner\"><div class=\"wpb_wrapper\"><\/div><\/div><\/div><div class=\"vc_col-sm-8 wpb_column vc_column_container\"><div class=\"vc_column-inner\"><div class=\"wpb_wrapper\"><div class=\"wpb_text_column\"><div class=\"wpb_wrapper\"><h3 style=\"text-align: center;\">Peu importe votre projet, nous sommes flexibles et pouvons trouver un moyen de vous aider. \u00c9crivez-vous un courriel avec vos besoins et nous nous ferons un plaisir de vous r\u00e9pondre dans les plus courts d\u00e9lais.<\/h3>\n<\/div><\/div><div class=\"w-btn-wrapper align_center\"><a class=\"w-btn us-btn-style_1 us_custom_1e0e9307\" title=\"Contact\" href=\"https:\/\/thenewjobsite.com\/contactez-nous\/?lang=fr\"><span class=\"w-btn-label\">Contactez-nous<\/span><\/a><\/div><\/div><\/div><\/div><div class=\"vc_col-sm-2 wpb_column vc_column_container\"><div class=\"vc_column-inner\"><div class=\"wpb_wrapper\"><\/div><\/div><\/div><\/div><div class=\"w-separator size_custom\" style=\"height:80px\" id=\"q6e0\"><style>@media(max-width:600px){ #q6e0{height:120px!important}}<\/style><\/div><\/div><\/div><\/div><\/div><\/div><\/section>\n","protected":false},"excerpt":{"rendered":"Notre entreprise est d\u00e9di\u00e9e \u00e0 l\u2019am\u00e9lioration de la productivit\u00e9 sur les chantiers de construction et nous sommes pr\u00eat \u00e0 vous offrir notre aide dans ce domaine quelque soit vos besoins. Plus sp\u00e9cifiquement, nous avons deux sp\u00e9cialit\u00e9s. Construction Lean Notre \u00e9quipe est en am\u00e9lioration constante et saura vous aidez pour vos projets Lean sur le chantier....","protected":false},"author":1,"featured_media":0,"parent":0,"menu_order":0,"comment_status":"closed","ping_status":"closed","template":"","meta":{"footnotes":""},"class_list":["post-608","page","type-page","status-publish","hentry"],"_links":{"self":[{"href":"https:\/\/thenewjobsite.com\/fr\/wp-json\/wp\/v2\/pages\/608","targetHints":{"allow":["GET"]}}],"collection":[{"href":"https:\/\/thenewjobsite.com\/fr\/wp-json\/wp\/v2\/pages"}],"about":[{"href":"https:\/\/thenewjobsite.com\/fr\/wp-json\/wp\/v2\/types\/page"}],"author":[{"embeddable":true,"href":"https:\/\/thenewjobsite.com\/fr\/wp-json\/wp\/v2\/users\/1"}],"replies":[{"embeddable":true,"href":"https:\/\/thenewjobsite.com\/fr\/wp-json\/wp\/v2\/comments?post=608"}],"version-history":[{"count":0,"href":"https:\/\/thenewjobsite.com\/fr\/wp-json\/wp\/v2\/pages\/608\/revisions"}],"wp:attachment":[{"href":"https:\/\/thenewjobsite.com\/fr\/wp-json\/wp\/v2\/media?parent=608"}],"curies":[{"name":"wp","href":"https:\/\/api.w.org\/{rel}","templated":true}]}}